{"id":35,"date":"2022-02-16T14:43:36","date_gmt":"2022-02-16T13:43:36","guid":{"rendered":"https:\/\/www.gasthaus-grosshauser.de\/?page_id=35"},"modified":"2022-02-23T09:45:11","modified_gmt":"2022-02-23T08:45:11","slug":"anfahrt","status":"publish","type":"page","link":"https:\/\/www.gasthaus-grosshauser.de\/web\/anfahrt\/","title":{"rendered":"Anfahrt"},"content":{"rendered":"\n<p class=\"has-white-color has-black-background-color has-text-color has-background\" style=\"font-size:20px\">Gen\u00fcgend Parkpl\u00e4tze direkt vor dem Haus. Ein seperater Eingang zu den Zimmern erm\u00f6glicht die Ankunft auch nachts.<br>Gerne nehmen wir Ihre Reservierung pers\u00f6nlich, telefonisch oder per e-Mail entgegen.<\/p>\n\n\n\n<h2 class=\"has-text-align-center wp-block-heading\" id=\"routenplanung-hier-klicken\"><a href=\"https:\/\/maps.google.com\/maps?ll=49.164826,11.625438&amp;z=9&amp;t=m&amp;hl=de&amp;gl=DE&amp;mapclient=embed&amp;saddr=&amp;daddr=Gasthaus%20%26%20Pension%20M.%20Gro%C3%9Fhauser%2C%20Bahnhofstra%C3%9Fe%201%2C%2092358%20Seubersdorf%20in%20der%20Oberpfalz&amp;dirflg=d\" target=\"_blank\" rel=\"noreferrer noopener\">Routenplanung hier klicken !<\/a><\/h2>\n\n\n\n<iframe src=\"https:\/\/www.google.com\/maps\/embed?pb=!1m19!1m8!1m3!1d10435.532733858945!2d11.6254381!3d49.1648255!3m2!1i1024!2i768!4f13.1!4m8!3e2!4m0!4m5!1s0x479f75bfdfeb1269%3A0x37282e4c615c3a3b!2sGasthaus%20%26%20Pension%20M.%20Gro%C3%9Fhauser%2C%20Bahnhofstra%C3%9Fe%201%2C%2092358%20Seubersdorf%20in%20der%20Oberpfalz!3m2!1d49.164808699999995!2d11.625508799999999!5e0!3m2!1sde!2sde!4v1645176111638!5m2!1sde!2sde\" width=\"908\" height=\"550\" style=\"border:0;\" allowfullscreen=\"\" loading=\"lazy\"><\/iframe>\n\n\n\n<p><\/p>\n\n\n\n<figure class=\"wp-block-image size-full is-style-default\"><img loading=\"lazy\" decoding=\"async\" width=\"909\" height=\"886\" src=\"https:\/\/www.gasthaus-grosshauser.de\/wp-content\/uploads\/2022\/02\/Karte2.jpg\" alt=\"\" class=\"wp-image-90\" srcset=\"https:\/\/www.gasthaus-grosshauser.de\/wp-content\/uploads\/2022\/02\/Karte2.jpg 909w, https:\/\/www.gasthaus-grosshauser.de\/wp-content\/uploads\/2022\/02\/Karte2-300x292.jpg 300w, https:\/\/www.gasthaus-grosshauser.de\/wp-content\/uploads\/2022\/02\/Karte2-768x749.jpg 768w\" sizes=\"(max-width: 909px) 100vw, 909px\" \/><\/figure>\n\n\n\n<p><\/p>\n","protected":false},"excerpt":{"rendered":"<p>Gen\u00fcgend Parkpl\u00e4tze direkt vor dem Haus. Ein seperater Eingang zu den Zimmern erm\u00f6glicht die Ankunft auch nachts.Gerne nehmen wir Ihre Reservierung pers\u00f6nlich, telefonisch oder per e-Mail entgegen. Routenplanung hier klicken !<\/p>\n","protected":false},"author":1,"featured_media":0,"parent":0,"menu_order":0,"comment_status":"closed","ping_status":"closed","template":"","meta":{"footnotes":""},"_links":{"self":[{"href":"https:\/\/www.gasthaus-grosshauser.de\/web\/wp-json\/wp\/v2\/pages\/35"}],"collection":[{"href":"https:\/\/www.gasthaus-grosshauser.de\/web\/wp-json\/wp\/v2\/pages"}],"about":[{"href":"https:\/\/www.gasthaus-grosshauser.de\/web\/wp-json\/wp\/v2\/types\/page"}],"author":[{"embeddable":true,"href":"https:\/\/www.gasthaus-grosshauser.de\/web\/wp-json\/wp\/v2\/users\/1"}],"replies":[{"embeddable":true,"href":"https:\/\/www.gasthaus-grosshauser.de\/web\/wp-json\/wp\/v2\/comments?post=35"}],"version-history":[{"count":14,"href":"https:\/\/www.gasthaus-grosshauser.de\/web\/wp-json\/wp\/v2\/pages\/35\/revisions"}],"predecessor-version":[{"id":285,"href":"https:\/\/www.gasthaus-grosshauser.de\/web\/wp-json\/wp\/v2\/pages\/35\/revisions\/285"}],"wp:attachment":[{"href":"https:\/\/www.gasthaus-grosshauser.de\/web\/wp-json\/wp\/v2\/media?parent=35"}],"curies":[{"name":"wp","href":"https:\/\/api.w.org\/{rel}","templated":true}]}}