{"id":5,"date":"2022-02-16T12:36:36","date_gmt":"2022-02-16T11:36:36","guid":{"rendered":"https:\/\/www.gasthaus-grosshauser.de\/?page_id=5"},"modified":"2022-11-17T11:50:26","modified_gmt":"2022-11-17T10:50:26","slug":"gestalte-deine-website-mit-bloecken","status":"publish","type":"page","link":"https:\/\/www.gasthaus-grosshauser.de\/web\/","title":{"rendered":"Gasthaus  Pension  Gro\u00dfhauser"},"content":{"rendered":"\n<div class=\"wp-block-columns is-layout-flex wp-container-core-columns-is-layout-1 wp-block-columns-is-layout-flex\">\n<div class=\"wp-block-column is-layout-flow wp-block-column-is-layout-flow\"><div class=\"ti-widget ti-goog\" data-layout-id=\"5\" data-set-id=\"dark-minimal\" data-pid=\"b5167179c03e50ec942cb\" data-pager-autoplay-timeout=\"6\" > <div class=\"ti-widget-container ti-col-4\"> <div class=\"ti-footer source-Google\"> <div class=\"ti-large-logo\"> <div class=\"ti-v-center\"> <img loading=\"lazy\" decoding=\"async\" class=\"ti-logo-fb\" src=\"https:\/\/cdn.trustindex.io\/assets\/platform\/Google\/logo-dark.svg\" width=\"150\" height=\"25\" alt=\"Google\" width=\"150\" height=\"25\" \/> <\/div> <\/div> <div class=\"ti-stars star-lg\"> <span class=\"ti-star f\"><\/span><span class=\"ti-star f\"><\/span><span class=\"ti-star f\"><\/span><span class=\"ti-star f\"><\/span><span class=\"ti-star e\"><\/span> <\/div> <div class=\"ti-rating-text\"> <strong class=\"ti-rating\"> GUT <\/strong> <span class=\"nowrap\">Aufgrund von <strong>43 Bewertungen<\/strong>.<\/span> <\/div> <\/div> <div class=\"ti-reviews-container\"> <div class=\"ti-controls\"> <div class=\"ti-next\"><\/div> <div class=\"ti-prev\"><\/div> <\/div> <div class=\"ti-reviews-container-wrapper\">  <div class=\"ti-review-item source-Google\" > <div class=\"ti-inner\"> <div class=\"ti-review-header\"> <div class=\"ti-profile-img\"> <img decoding=\"async\" src=\"https:\/\/lh3.googleusercontent.com\/a\/AATXAJw1kQ7pIGL3R_Ln4bWjZNePptMpPg-jC7hLlmcP=s120-c-c-rp-w64-h64-mo-br100\" alt=\"Werner Mann\" \/> <\/div> <div class=\"ti-profile-details\"> <div class=\"ti-name\">Werner Mann<\/div> <div class=\"ti-date\">26\/12\/2021<\/div> <\/div> <\/div> <div class=\"ti-stars\"><span class=\"ti-star f\"><\/span><span class=\"ti-star f\"><\/span><span class=\"ti-star f\"><\/span><span class=\"ti-star f\"><\/span><span class=\"ti-star f\"><\/span><\/div> <div class=\"ti-review-content\"> <!-- R-CONTENT -->Sehr freundlicher Wirt und hervorragendes Essen,\nKochte sogar am Heiligen Abend f\u00fcr seine G\u00e4ste. Es gab ein super Men\u00fc \"INDISCH\" \"Butter Chicken Makhani\" dazu Safran Basmati, ofenfrisches Naan-Brot und frischer Koriander. Perfekt. Komme gerne wieder<!-- R-CONTENT --> <\/div> <\/div> <\/div>  <div class=\"ti-review-item source-Google\" > <div class=\"ti-inner\"> <div class=\"ti-review-header\"> <div class=\"ti-profile-img\"> <img decoding=\"async\" src=\"https:\/\/lh3.googleusercontent.com\/a-\/AOh14Gjnyy2wvH57Nqeb0m4wGP_RcGOxoNZa3BFYxoo=s120-c-c-rp-w64-h64-mo-br100\" alt=\"Thor the mighty\" \/> <\/div> <div class=\"ti-profile-details\"> <div class=\"ti-name\">Thor the mighty<\/div> <div class=\"ti-date\">24\/08\/2021<\/div> <\/div> <\/div> <div class=\"ti-stars\"><span class=\"ti-star f\"><\/span><span class=\"ti-star f\"><\/span><span class=\"ti-star f\"><\/span><span class=\"ti-star f\"><\/span><span class=\"ti-star f\"><\/span><\/div> <div class=\"ti-review-content\"> <!-- R-CONTENT -->Alles super!! Essen top, Wirtin und Familie sehr nett und hilfsbereit! Gerne komme ich wieder!!<!-- R-CONTENT --> <\/div> <\/div> <\/div>  <div class=\"ti-review-item source-Google\" > <div class=\"ti-inner\"> <div class=\"ti-review-header\"> <div class=\"ti-profile-img\"> <img decoding=\"async\" src=\"https:\/\/lh3.googleusercontent.com\/a\/AATXAJwO2fZsbczmumk2Dxbe12OoDXiUtSer3kAAh84w=s120-c-c-rp-w64-h64-mo-br100\" alt=\"Andy Lohrer\" \/> <\/div> <div class=\"ti-profile-details\"> <div class=\"ti-name\">Andy Lohrer<\/div> <div class=\"ti-date\">23\/08\/2021<\/div> <\/div> <\/div> <div class=\"ti-stars\"><span class=\"ti-star f\"><\/span><span class=\"ti-star f\"><\/span><span class=\"ti-star f\"><\/span><span class=\"ti-star f\"><\/span><span class=\"ti-star f\"><\/span><\/div> <div class=\"ti-review-content\"> <!-- R-CONTENT -->Sehr nette Wirtin super leckeres Essen komme schon das 3.Jahr in Folge das ganze Team echt Top freu mich auf das n\u00e4chste Jahr ????????????????<!-- R-CONTENT --> <\/div> <\/div> <\/div>  <div class=\"ti-review-item source-Google\" > <div class=\"ti-inner\"> <div class=\"ti-review-header\"> <div class=\"ti-profile-img\"> <img decoding=\"async\" src=\"https:\/\/lh3.googleusercontent.com\/a\/AATXAJyD5zZOGPmSDWhY9zAH0TyYcUVQ9hMa-zXZmNV1=s120-c-c-rp-w64-h64-mo-br100\" alt=\"Michele Kappler\" \/> <\/div> <div class=\"ti-profile-details\"> <div class=\"ti-name\">Michele Kappler<\/div> <div class=\"ti-date\">23\/08\/2021<\/div> <\/div> <\/div> <div class=\"ti-stars\"><span class=\"ti-star f\"><\/span><span class=\"ti-star f\"><\/span><span class=\"ti-star f\"><\/span><span class=\"ti-star f\"><\/span><span class=\"ti-star f\"><\/span><\/div> <div class=\"ti-review-content\"> <!-- R-CONTENT -->Die Nr 1 unter den herzlichsten Unterk\u00fcnften \u2764\ufe0f\nWir freuen uns jedes Jahr aufs neue bei euch sein zu d\u00fcrfen.\nSuper leckeres Fr\u00fchst\u00fcck und ausgezeichnetes Abendessen ????\nLIEBE GR\u00dc\u00dfE\nR. +M. Kappler<!-- R-CONTENT --> <\/div> <\/div> <\/div>  <div class=\"ti-review-item source-Google\" > <div class=\"ti-inner\"> <div class=\"ti-review-header\"> <div class=\"ti-profile-img\"> <img decoding=\"async\" src=\"https:\/\/lh3.googleusercontent.com\/a\/AATXAJyN92Muk-Z_Rc3weuViXti0c4w_9_ZP0fw76_mH=s120-c-c-rp-w64-h64-mo-br100\" alt=\"Ashoka Homeier\" \/> <\/div> <div class=\"ti-profile-details\"> <div class=\"ti-name\">Ashoka Homeier<\/div> <div class=\"ti-date\">23\/08\/2021<\/div> <\/div> <\/div> <div class=\"ti-stars\"><span class=\"ti-star f\"><\/span><span class=\"ti-star f\"><\/span><span class=\"ti-star f\"><\/span><span class=\"ti-star f\"><\/span><span class=\"ti-star f\"><\/span><\/div> <div class=\"ti-review-content\"> <!-- R-CONTENT -->Wie immer eine Freude hier zu sein!!!! Essen ist der Hammer!!!\n\nWirtin und ihre kleine Schwester (oder ist es ihre Tochter???????) Und deren Freund super nett!!!!\n\nBis zum n\u00e4chsten Jahr!!<!-- R-CONTENT --> <\/div> <\/div> <\/div>  <div class=\"ti-review-item source-Google\" > <div class=\"ti-inner\"> <div class=\"ti-review-header\"> <div class=\"ti-profile-img\"> <img decoding=\"async\" src=\"https:\/\/lh3.googleusercontent.com\/a\/AATXAJy5SHe504fWeJstTJpspNcK6qvF5HN10GAsrhB2=s120-c-c-rp-w64-h64-mo-br100\" alt=\"Andre Wende\" \/> <\/div> <div class=\"ti-profile-details\"> <div class=\"ti-name\">Andre Wende<\/div> <div class=\"ti-date\">22\/08\/2021<\/div> <\/div> <\/div> <div class=\"ti-stars\"><span class=\"ti-star f\"><\/span><span class=\"ti-star f\"><\/span><span class=\"ti-star f\"><\/span><span class=\"ti-star f\"><\/span><span class=\"ti-star f\"><\/span><\/div> <div class=\"ti-review-content\"> <!-- R-CONTENT -->Super leckeres Essen und ein toller Service.\nKommen schon 3 Jahre und auch gerne wieder.<!-- R-CONTENT --> <\/div> <\/div> <\/div>  <div class=\"ti-review-item source-Google\" > <div class=\"ti-inner\"> <div class=\"ti-review-header\"> <div class=\"ti-profile-img\"> <img decoding=\"async\" src=\"https:\/\/lh3.googleusercontent.com\/a-\/AOh14GhPfkIeqzqGoJ8nUp4E5XLCmFDKZGK5jUZYoiCW=s120-c-c-rp-w64-h64-mo-br100\" alt=\"Westfale 75\" \/> <\/div> <div class=\"ti-profile-details\"> <div class=\"ti-name\">Westfale 75<\/div> <div class=\"ti-date\">19\/08\/2020<\/div> <\/div> <\/div> <div class=\"ti-stars\"><span class=\"ti-star f\"><\/span><span class=\"ti-star f\"><\/span><span class=\"ti-star f\"><\/span><span class=\"ti-star f\"><\/span><span class=\"ti-star e\"><\/span><\/div> <div class=\"ti-review-content\"> <!-- R-CONTENT -->Eine nette kleine Pension .Die Zimmer sind einfach aber zweckm\u00e4\u00dfig.Das Essen ist der Hammer!!! Wir haben jeden Tag lecker und reichlich gegessen.Die Leute sind sehr nett.Werde bestimmt wieder kommen.<!-- R-CONTENT --> <\/div> <\/div> <\/div>  <div class=\"ti-review-item source-Google\" > <div class=\"ti-inner\"> <div class=\"ti-review-header\"> <div class=\"ti-profile-img\"> <img decoding=\"async\" src=\"https:\/\/lh3.googleusercontent.com\/a-\/AOh14GgYkYVE5kLzfcpcGHkcajwxQFtJoxEtNul4LZ7oiYw=s120-c-c-rp-w64-h64-mo-br100\" alt=\"Stefan Tensfeld\" \/> <\/div> <div class=\"ti-profile-details\"> <div class=\"ti-name\">Stefan Tensfeld<\/div> <div class=\"ti-date\">18\/08\/2020<\/div> <\/div> <\/div> <div class=\"ti-stars\"><span class=\"ti-star f\"><\/span><span class=\"ti-star f\"><\/span><span class=\"ti-star f\"><\/span><span class=\"ti-star f\"><\/span><span class=\"ti-star f\"><\/span><\/div> <div class=\"ti-review-content\"> <!-- R-CONTENT -->Ich habe mich wie immer bestens versorgt gef\u00fchlt. Toller Service, sehr leckeres Essen, angenehme Atmosph\u00e4re \ud83d\ude42<!-- R-CONTENT --> <\/div> <\/div> <\/div>  <\/div> <div class=\"ti-controls-dots\"> <div class=\"dot active\"><\/div> <\/div> <\/div> <\/div> <\/div>\n<\/div>\n<\/div>\n\n\n\n<p class=\"has-white-color has-text-color\" style=\"font-size:18px\">S<strong>eien Sie unser Gast! Wir hei\u00dfen Sie in unserem ruhigen, famil\u00e4ren Haus herzlich willkommen, ob als kurze Zwischenstation oder bei l\u00e4ngerem Aufenthalt<\/strong>.<\/p>\n\n\n\n<figure class=\"wp-block-image size-large is-resized is-style-default\"><img loading=\"lazy\" decoding=\"async\" src=\"https:\/\/www.gasthaus-grosshauser.de\/wp-content\/uploads\/2022\/02\/Bar-Theke-1024x768.png\" alt=\"\" class=\"wp-image-155\" width=\"940\" height=\"705\" srcset=\"https:\/\/www.gasthaus-grosshauser.de\/wp-content\/uploads\/2022\/02\/Bar-Theke-1024x768.png 1024w, https:\/\/www.gasthaus-grosshauser.de\/wp-content\/uploads\/2022\/02\/Bar-Theke-300x225.png 300w, https:\/\/www.gasthaus-grosshauser.de\/wp-content\/uploads\/2022\/02\/Bar-Theke-768x576.png 768w, https:\/\/www.gasthaus-grosshauser.de\/wp-content\/uploads\/2022\/02\/Bar-Theke-1536x1152.png 1536w, https:\/\/www.gasthaus-grosshauser.de\/wp-content\/uploads\/2022\/02\/Bar-Theke-666x499.png 666w, https:\/\/www.gasthaus-grosshauser.de\/wp-content\/uploads\/2022\/02\/Bar-Theke.png 1575w\" sizes=\"(max-width: 940px) 100vw, 940px\" \/><\/figure>\n\n\n\n<p class=\"has-text-align-center has-white-color has-text-color\" style=\"font-size:18px\">Gaststube \/ Theke<\/p>\n\n\n\n<figure class=\"wp-block-image size-large\"><a href=\"https:\/\/www.gasthaus-grosshauser.de\/speisen\/\"><img loading=\"lazy\" decoding=\"async\" width=\"1024\" height=\"622\" src=\"https:\/\/www.gasthaus-grosshauser.de\/wp-content\/uploads\/2022\/02\/Anfang-und-Wurzel-1024x622.png\" alt=\"\" class=\"wp-image-233\" srcset=\"https:\/\/www.gasthaus-grosshauser.de\/wp-content\/uploads\/2022\/02\/Anfang-und-Wurzel-1024x622.png 1024w, https:\/\/www.gasthaus-grosshauser.de\/wp-content\/uploads\/2022\/02\/Anfang-und-Wurzel-300x182.png 300w, https:\/\/www.gasthaus-grosshauser.de\/wp-content\/uploads\/2022\/02\/Anfang-und-Wurzel-768x466.png 768w, https:\/\/www.gasthaus-grosshauser.de\/wp-content\/uploads\/2022\/02\/Anfang-und-Wurzel-1536x932.png 1536w, https:\/\/www.gasthaus-grosshauser.de\/wp-content\/uploads\/2022\/02\/Anfang-und-Wurzel-2048x1243.png 2048w\" sizes=\"(max-width: 1024px) 100vw, 1024px\" \/><\/a><\/figure>\n","protected":false},"excerpt":{"rendered":"<p>Seien Sie unser Gast! Wir hei\u00dfen Sie in unserem ruhigen, famil\u00e4ren Haus herzlich willkommen, ob als kurze Zwischenstation oder bei l\u00e4ngerem Aufenthalt. Gaststube \/ Theke<\/p>\n","protected":false},"author":1,"featured_media":0,"parent":0,"menu_order":0,"comment_status":"closed","ping_status":"closed","template":"","meta":{"footnotes":""},"_links":{"self":[{"href":"https:\/\/www.gasthaus-grosshauser.de\/web\/wp-json\/wp\/v2\/pages\/5"}],"collection":[{"href":"https:\/\/www.gasthaus-grosshauser.de\/web\/wp-json\/wp\/v2\/pages"}],"about":[{"href":"https:\/\/www.gasthaus-grosshauser.de\/web\/wp-json\/wp\/v2\/types\/page"}],"author":[{"embeddable":true,"href":"https:\/\/www.gasthaus-grosshauser.de\/web\/wp-json\/wp\/v2\/users\/1"}],"replies":[{"embeddable":true,"href":"https:\/\/www.gasthaus-grosshauser.de\/web\/wp-json\/wp\/v2\/comments?post=5"}],"version-history":[{"count":43,"href":"https:\/\/www.gasthaus-grosshauser.de\/web\/wp-json\/wp\/v2\/pages\/5\/revisions"}],"predecessor-version":[{"id":317,"href":"https:\/\/www.gasthaus-grosshauser.de\/web\/wp-json\/wp\/v2\/pages\/5\/revisions\/317"}],"wp:attachment":[{"href":"https:\/\/www.gasthaus-grosshauser.de\/web\/wp-json\/wp\/v2\/media?parent=5"}],"curies":[{"name":"wp","href":"https:\/\/api.w.org\/{rel}","templated":true}]}}